{"id":252,"date":"2025-06-10T08:21:40","date_gmt":"2025-06-10T06:21:40","guid":{"rendered":"http:\/\/www.kuchenbuch.info\/?page_id=252"},"modified":"2025-06-19T15:03:33","modified_gmt":"2025-06-19T13:03:33","slug":"text","status":"publish","type":"page","link":"http:\/\/www.kuchenbuch.info\/?page_id=252","title":{"rendered":"Text"},"content":{"rendered":"\n<p class=\"p1 has-medium-font-size\">Text als <em>Dienstleistung<\/em>? In Zeiten von generativer, <em>k\u00fcnstlicher Intelligen<\/em>z? Ernsthaft?<\/p>\n\n\n<div class=\"wp-block-image\">\n<figure class=\"alignright size-full is-resized\"><a href=\"http:\/\/www.kuchenbuch.info\/wp-content\/uploads\/2025\/06\/Text.png\"><img loading=\"lazy\" decoding=\"async\" width=\"819\" height=\"469\" src=\"http:\/\/www.kuchenbuch.info\/wp-content\/uploads\/2025\/06\/Text.png\" alt=\"Grafik TEXT &amp; Information\" class=\"wp-image-280\" style=\"width:400px\" srcset=\"http:\/\/www.kuchenbuch.info\/wp-content\/uploads\/2025\/06\/Text.png 819w, http:\/\/www.kuchenbuch.info\/wp-content\/uploads\/2025\/06\/Text-300x172.png 300w, http:\/\/www.kuchenbuch.info\/wp-content\/uploads\/2025\/06\/Text-768x440.png 768w\" sizes=\"auto, (max-width: 819px) 100vw, 819px\" \/><\/a><\/figure>\n<\/div>\n\n\n<p class=\"p1 has-medium-font-size\">Ich habe mich mein Leben lang mit Texten jeglicher Art besch\u00e4ftigt. Vom Glossar in sumerische Keilschrift, Predigten, Bedienungsanleitungen, Werbetexten, Rocksongs \u00fcber Fachb\u00fccher, Reden, Biographien und <a href=\"https:\/\/books.borini.eu\" target=\"_blank\" rel=\"noreferrer noopener\"><em>Belletristik<\/em><\/a>.<\/p>\n\n\n\n<p class=\"p1 has-medium-font-size\">Auch in Zeiten, in denen <em><a href=\"https:\/\/books.borini.eu\/archive\/745\">k\u00fcnstliche<\/a><\/em> Texte allt\u00e4glich aus der Wolke auf uns einprasseln, gibt es Situationen, in denen das Wort pr\u00e4zise und vor allem nat\u00fcrlich zum Inhalt passen muss.<\/p>\n\n\n\n<p class=\"p1 has-medium-font-size\">Ob meine W\u00f6rter zu Ihren Zielen passen, dar\u00fcber werden wir reden m\u00fcssen.<\/p>\n\n\n\n<p><\/p>\n\n\n","protected":false},"excerpt":{"rendered":"<p>Text als Dienstleistung? In Zeiten von generativer, k\u00fcnstlicher Intelligenz? Ernsthaft? Ich habe mich mein Leben lang mit Texten jeglicher Art besch\u00e4ftigt. Vom Glossar in sumerische Keilschrift, Predigten, Bedienungsanleitungen, Werbetexten, Rocksongs \u00fcber Fachb\u00fccher, Reden, Biographien und Belletristik. Auch in Zeiten, in denen k\u00fcnstliche Texte allt\u00e4glich aus der Wolke auf uns einprasseln, gibt es Situationen, in denen [&hellip;]<\/p>\n","protected":false},"author":3,"featured_media":161,"parent":0,"menu_order":0,"comment_status":"closed","ping_status":"closed","template":"","meta":{"footnotes":""},"class_list":["post-252","page","type-page","status-publish","has-post-thumbnail","hentry"],"_links":{"self":[{"href":"http:\/\/www.kuchenbuch.info\/index.php?rest_route=\/wp\/v2\/pages\/252","targetHints":{"allow":["GET"]}}],"collection":[{"href":"http:\/\/www.kuchenbuch.info\/index.php?rest_route=\/wp\/v2\/pages"}],"about":[{"href":"http:\/\/www.kuchenbuch.info\/index.php?rest_route=\/wp\/v2\/types\/page"}],"author":[{"embeddable":true,"href":"http:\/\/www.kuchenbuch.info\/index.php?rest_route=\/wp\/v2\/users\/3"}],"replies":[{"embeddable":true,"href":"http:\/\/www.kuchenbuch.info\/index.php?rest_route=%2Fwp%2Fv2%2Fcomments&post=252"}],"version-history":[{"count":11,"href":"http:\/\/www.kuchenbuch.info\/index.php?rest_route=\/wp\/v2\/pages\/252\/revisions"}],"predecessor-version":[{"id":303,"href":"http:\/\/www.kuchenbuch.info\/index.php?rest_route=\/wp\/v2\/pages\/252\/revisions\/303"}],"wp:featuredmedia":[{"embeddable":true,"href":"http:\/\/www.kuchenbuch.info\/index.php?rest_route=\/wp\/v2\/media\/161"}],"wp:attachment":[{"href":"http:\/\/www.kuchenbuch.info\/index.php?rest_route=%2Fwp%2Fv2%2Fmedia&parent=252"}],"curies":[{"name":"wp","href":"https:\/\/api.w.org\/{rel}","templated":true}]}}