{"id":254,"date":"2025-06-10T08:22:14","date_gmt":"2025-06-10T06:22:14","guid":{"rendered":"http:\/\/www.kuchenbuch.info\/?page_id=254"},"modified":"2025-07-22T10:38:56","modified_gmt":"2025-07-22T08:38:56","slug":"information","status":"publish","type":"page","link":"http:\/\/www.kuchenbuch.info\/?page_id=254","title":{"rendered":"Information"},"content":{"rendered":"\n<p class=\"p1 has-medium-font-size\">Information ist ohne Ethos und Pathos wertlos. Klingt hochtrabend, aber ist doch banal. <\/p>\n\n\n<div class=\"wp-block-image\">\n<figure class=\"alignright is-resized\"><img loading=\"lazy\" decoding=\"async\" width=\"819\" height=\"469\" src=\"http:\/\/www.kuchenbuch.info\/wp-content\/uploads\/2025\/06\/Information.png\" alt=\"Grafik Text &amp; INFORMATION\" class=\"wp-image-279\" style=\"width:400px\" srcset=\"http:\/\/www.kuchenbuch.info\/wp-content\/uploads\/2025\/06\/Information.png 819w, http:\/\/www.kuchenbuch.info\/wp-content\/uploads\/2025\/06\/Information-300x172.png 300w, http:\/\/www.kuchenbuch.info\/wp-content\/uploads\/2025\/06\/Information-768x440.png 768w\" sizes=\"auto, (max-width: 819px) 100vw, 819px\" \/><\/figure>\n<\/div>\n\n\n<p class=\"p1 has-medium-font-size\">Und ohne den Empf\u00e4nger zu ber\u00fccksichtigen, wird jeder Text zum Beipackzettel einer bitteren Medizin. Warnungen verunsichern mehr als einen Nutzen zu entwickeln; statistische Zahlen sind ohne Kontext wertlos.<\/p>\n\n\n\n<p class=\"p1 has-medium-font-size\">Wichtig ist hingegen, dass der Inhalt <em>vermittelt<\/em> wird, nicht nur transportiert. <br><\/p>\n\n\n\n<p class=\"p1 has-medium-font-size\">Nur wenn der Inhalt zum Angesprochenen, zum Adressaten passt, wenn der Text letztlich vermittelt wird, dann kann Information geteilt werden.<\/p>\n\n\n\n<p class=\"p1 has-medium-font-size\">Dass eine Beherrschung der Werkzeuge hierzu Voraussetzung ist, versteht sich von selbst. Seit 1984 versuche ich auszuloten, welches Potential sich in der Nutzung von Computern f\u00fcr welche Zwecke nutzen l\u00e4sst. Im Klartext: Information ist f\u00fcr mich auch immer <strong><a href=\"http:\/\/www.kuchenbuch.info\/?page_id=316\" data-type=\"page\" data-id=\"316\"><u>Informationstechnologie<\/u><\/a> <\/strong>gewesen. Nicht synonym, sondern erg\u00e4nzend. Das schlie\u00dft die KI mit ein, mit der ich mich seit den sp\u00e4ten 80er-Jahren intensiv und kritisch auseinandergesetzt habe<sup>1<\/sup>.<\/p>\n\n\n\n<p class=\"p1 has-medium-font-size\">Die moderne Welt stellt uns eine Vielzahl an Medien bereit. Nutzen wir sie! Aber nutzen wir sie ebenfalls mit Bedacht.<\/p>\n\n\n\n<p><sup>1<\/sup> Ich arbeite gerade an einem Reprint einer Hausarbeit von mir aus dem Jahr 1989 zum Thema <em>K\u00fcnstliche Intelligenz und Ethik<\/em>, das ich demn\u00e4chst als eBook herausgeben werde.<\/p>\n\n\n\n<p><\/p>\n","protected":false},"excerpt":{"rendered":"<p>Information ist ohne Ethos und Pathos wertlos. Klingt hochtrabend, aber ist doch banal. Und ohne den Empf\u00e4nger zu ber\u00fccksichtigen, wird jeder Text zum Beipackzettel einer bitteren Medizin. Warnungen verunsichern mehr als einen Nutzen zu entwickeln; statistische Zahlen sind ohne Kontext wertlos. Wichtig ist hingegen, dass der Inhalt vermittelt wird, nicht nur transportiert. Nur wenn der [&hellip;]<\/p>\n","protected":false},"author":3,"featured_media":0,"parent":0,"menu_order":0,"comment_status":"closed","ping_status":"closed","template":"","meta":{"footnotes":""},"class_list":["post-254","page","type-page","status-publish","hentry"],"_links":{"self":[{"href":"http:\/\/www.kuchenbuch.info\/index.php?rest_route=\/wp\/v2\/pages\/254","targetHints":{"allow":["GET"]}}],"collection":[{"href":"http:\/\/www.kuchenbuch.info\/index.php?rest_route=\/wp\/v2\/pages"}],"about":[{"href":"http:\/\/www.kuchenbuch.info\/index.php?rest_route=\/wp\/v2\/types\/page"}],"author":[{"embeddable":true,"href":"http:\/\/www.kuchenbuch.info\/index.php?rest_route=\/wp\/v2\/users\/3"}],"replies":[{"embeddable":true,"href":"http:\/\/www.kuchenbuch.info\/index.php?rest_route=%2Fwp%2Fv2%2Fcomments&post=254"}],"version-history":[{"count":23,"href":"http:\/\/www.kuchenbuch.info\/index.php?rest_route=\/wp\/v2\/pages\/254\/revisions"}],"predecessor-version":[{"id":349,"href":"http:\/\/www.kuchenbuch.info\/index.php?rest_route=\/wp\/v2\/pages\/254\/revisions\/349"}],"wp:attachment":[{"href":"http:\/\/www.kuchenbuch.info\/index.php?rest_route=%2Fwp%2Fv2%2Fmedia&parent=254"}],"curies":[{"name":"wp","href":"https:\/\/api.w.org\/{rel}","templated":true}]}}